{"id":1134,"date":"2022-12-26T11:15:15","date_gmt":"2022-12-26T04:15:15","guid":{"rendered":"https:\/\/hardi.vn\/?page_id=1134"},"modified":"2024-12-08T18:10:32","modified_gmt":"2024-12-08T11:10:32","slug":"about-us","status":"publish","type":"page","link":"https:\/\/hardi.vn\/en\/about-us\/","title":{"rendered":"About us"},"content":{"rendered":"<h2>General Information<\/h2>\n<p>The Health Accreditation and Human Resource Development Institute (HARDI) is a science and technology organization operating under the Law on Science and Technology dated June 18, 2013, Decree No. 08\/2014 \/ ND-CP dated 27\/01\/2014 of the Government details and guides the implementation of a number of articles of the Law on Science and Technology and related documents, subject to the management of the competent State agencies.<\/p>\n<p>Registration certificate of science and technology activities No. C-16\/2022\/\u0110K-KH &amp;CN issued by Hanoi Department of Science and Technology for the first time on June 06, 2022.<\/p>\n<p>The Health Accreditation and Human Resource Development Institute (HARDI) is a science and technology organization with a legal status, its own seal, and its own account for operations and transactions.<\/p>\n<p>&nbsp;<\/p>\n<p>&nbsp;<\/p>\n<table width=\"624\">\n<tbody>\n<tr>\n<td width=\"151\">Name:<\/td>\n<td width=\"473\">Vi\u1ec7n \u0110\u00e1nh gi\u00e1 Ch\u1ea5t l\u01b0\u1ee3ng v\u00e0 Ph\u00e1t tri\u1ec3n Ngu\u1ed3n Nh\u00e2n l\u1ef1c Y t\u1ebf<\/td>\n<\/tr>\n<tr>\n<td width=\"151\">English name:<\/td>\n<td width=\"473\">Health Accreditation and Human Resource Development Institute<\/td>\n<\/tr>\n<tr>\n<td width=\"151\">Abbreviations:<\/td>\n<td width=\"473\">HARDI<\/td>\n<\/tr>\n<tr>\n<td width=\"151\">Address:<\/td>\n<td width=\"473\">86\u00a0Le Trong Tan,\u00a0Thanh Xuan Dist,\u00a0Hanoi, Vietnam<\/td>\n<\/tr>\n<tr>\n<td width=\"151\">Tel\/ Fax<\/td>\n<td width=\"473\">(+84)243 99999 57<\/td>\n<\/tr>\n<tr>\n<td width=\"151\">Email<\/td>\n<td width=\"473\"><a href=\"mailto:info@hardi.vn\">info@hardi.vn<\/a><\/td>\n<\/tr>\n<\/tbody>\n<\/table>\n<h2>Activities in science and technology<\/h2>\n<p>Scientific research and application of technology in the field of health economy; Conducting Health Technology Assessment (HTA) on common diseases in Vietnam.<\/p>\n<p>&nbsp;<\/p>\n<p>Providing consulting services and technical support to domestic and foreign agencies in the field of Health System and Health Economy.<\/p>\n<p>Technology transfer; participate in training, training and fostering knowledge; organizing scientific conferences and seminars; scientific and technological information; cooperation and consulting in the field of health economics.<\/p>\n<p>Coordinate with governmental and non-governmental agencies and organizations in policy advocacy, propaganda and dissemination of health policies.<\/p>\n<p>&nbsp;<\/p>\n<p>Call for domestic and foreign capital sources to carry out activities related to health economy, health policy, hospital quality management\/management, and technical support for agencies and localities that have demand.<\/p>\n<p>&nbsp;<\/p>\n<h2>Function and Mission<\/h2>\n<h3>Field of activities in science and technology: Medical economics; Hospital administration (Code 5.1.12).<\/h3>\n<p><strong>Function:<\/strong><\/p>\n<p>HARDI has the function of performing scientific, and technological research not only on modern medicine but also on traditional treatment and herbal medicine by applying new modern technologies.<\/p>\n<p><strong>Mission:<\/strong><\/p>\n<p>&#8211; Researching on science, technology &amp; health economics and evaluate medical technology, evaluate pharmaceutical economics, hospital governance, hospital quality.<\/p>\n<p>&#8211; Research and apply the laws and principles of health economics in the provision and use of health care services to serve the protection, care and improvement of people&#8217;s health.- Research, evaluate, and apply medical technology and pharmaceutical technology in the provision and use of health care services;- Cooperate with domestic and international agencies, organizations in researching and sharing experiences in the fields of science, technology and economics for health, hospital governance.- Organizing seminars and scientific conferences in healthcare field, hospital governance.- Transferring technology, participating in training, coaching, fostering knowledge in the fields of Science, Technology and economics for health, hospital governance.- Carrying out activities of providing consulting services in healthcare field.- Scientific, technological and financial information in healthcare field.<\/p>\n<p>&nbsp;<\/p>\n<h3>Organizational structure of the center:<\/h3>\n<p>&#8211; Central Council:<\/p>\n<p>&#8211; Scientific Advisory Council:<\/p>\n<p>&#8211; Executive Board:<\/p>\n<p>&#8211; Departments:<\/p>\n<p>+ Main Office.<\/p>\n<p>+ Research &amp; Evaluation Department.<\/p>\n<p>+ Consulting Department.<\/p>\n<p>+ Education &amp; Training Centers.<\/p>\n<p>+ Rehabilitation &amp; Traditional Medicine Department.<\/p>\n<p>+ Department of Information Technology<\/p>\n<p>&#8211; Advisory Council of more than 80 experts and collaborators.<\/p>\n<h3>Activities have been performed<\/h3>\n<p>&#8211; Performing multiple Health Technology Assessment:<\/p>\n<ul>\n<li>Assessing the status of treatment methods for end-stage chronic kidney failure in Vietnam.<\/li>\n<li>The study evaluated the cost-effectiveness and budget impact of dapagliflozin and metformin treatment in uncomplicated type 2 diabetes patients.<\/li>\n<li>Analysis of the economic burden of certain ophthalmic conditions associated with neovascularization.<\/li>\n<li>Economic burden analysis of endometriosis.<\/li>\n<li>Economic burden analysis of epilepsy<\/li>\n<\/ul>\n<p>&#8211; Coordinating in training: Training on hospital quality (5S, Lean 6 Sigma) for all medical examination and treatment units in Soc Trang province<\/p>\n<p>&nbsp;<\/p>\n<p>&#8211; Organizing seminars:<\/p>\n<ul>\n<li>Coordinate with Financial Planning Department Ministry of Health, Department of Health to organize a Seminar on Financial Autonomy in Health.<\/li>\n<li>In collaboration with the Vietnam Budget Transparency Alliance (BTAP): Organized the seminar &#8220;Results-Based Finance &#8211; Experiences&#8221;.<\/li>\n<\/ul>\n<p>&#8211; Applying scientific research in practice:<\/p>\n<ul>\n<li>Coordinate with Department Medical Service Administration of the Ministry of Health to complete and build a management system for hospital quality indicators.<\/li>\n<li>Collaborate with Vietnam Alliance for Budget Transparency (BTAP): implementation of \u201cResults Based Financing &#8211; RBF (Result Based Financing)\u201d at 10 Commune Health Stations of Quang Tri Province (sponsored by Oxfam)); evaluate the performance after 2 quarters at 10 commune health stations<\/li>\n<\/ul>\n<p>&nbsp;<\/p>\n<p>&nbsp;<\/p>\n","protected":false},"excerpt":{"rendered":"<p>General Information The Health Accreditation and Human Resource Development Institute (HARDI) is a science and technology organization operating under the Law on Science and Technology dated June 18, 2013, Decree No. 08\/2014 \/ ND-CP dated 27\/01\/2014 of the Government details and guides the implementation of a number of articles of the Law on Science and [&hellip;]<\/p>\n","protected":false},"author":1,"featured_media":0,"parent":0,"menu_order":0,"comment_status":"closed","ping_status":"closed","template":"","meta":{"footnotes":""},"class_list":["post-1134","page","type-page","status-publish","hentry"],"_links":{"self":[{"href":"https:\/\/hardi.vn\/en\/wp-json\/wp\/v2\/pages\/1134","targetHints":{"allow":["GET"]}}],"collection":[{"href":"https:\/\/hardi.vn\/en\/wp-json\/wp\/v2\/pages"}],"about":[{"href":"https:\/\/hardi.vn\/en\/wp-json\/wp\/v2\/types\/page"}],"author":[{"embeddable":true,"href":"https:\/\/hardi.vn\/en\/wp-json\/wp\/v2\/users\/1"}],"replies":[{"embeddable":true,"href":"https:\/\/hardi.vn\/en\/wp-json\/wp\/v2\/comments?post=1134"}],"version-history":[{"count":5,"href":"https:\/\/hardi.vn\/en\/wp-json\/wp\/v2\/pages\/1134\/revisions"}],"predecessor-version":[{"id":9468,"href":"https:\/\/hardi.vn\/en\/wp-json\/wp\/v2\/pages\/1134\/revisions\/9468"}],"wp:attachment":[{"href":"https:\/\/hardi.vn\/en\/wp-json\/wp\/v2\/media?parent=1134"}],"curies":[{"name":"wp","href":"https:\/\/api.w.org\/{rel}","templated":true}]}}